{"id":623,"date":"2023-05-18T10:25:07","date_gmt":"2023-05-18T10:25:07","guid":{"rendered":"https:\/\/www.innomed-europe.com\/fr\/instrumente\/"},"modified":"2024-10-28T06:19:33","modified_gmt":"2024-10-28T06:19:33","slug":"instrumente","status":"publish","type":"page","link":"https:\/\/www.innomed-europe.com\/fr\/instrumente\/","title":{"rendered":"INSTRUMENTS"},"content":{"rendered":"<p>Cliquez sur les liens ci-dessous pour acc\u00e9der aux derniers produits Innomed. Vous serez redirig\u00e9 directement vers le site du producteur.<\/p>\n<p>&nbsp;<\/p>\n<p><a class=\"active\" href=\"https:\/\/innomed.net\/hip_home.htm\" target=\"_blank\" rel=\"noopener\">\u2013 Hanche<\/a><\/p>\n<p><a href=\"https:\/\/innomed.net\/knee_home.htm\" target=\"_blank\" rel=\"noopener\">\u2013 Genou<\/a><\/p>\n<p><a href=\"https:\/\/innomed.net\/revision_home.htm\" target=\"_blank\" rel=\"noopener\">\u2013 Revision<\/a><\/p>\n<p><a href=\"https:\/\/innomed.net\/shoulderelbow_home.htm\" target=\"_blank\" rel=\"noopener\">\u2013 Epaule &amp; Coude<\/a><\/p>\n<p><a href=\"https:\/\/innomed.net\/smallbone_home.htm\" target=\"_blank\" rel=\"noopener\">\u2013 Main &amp; Pied<\/a><\/p>\n<p><a href=\"https:\/\/innomed.net\/trauma_home.htm\" target=\"_blank\" rel=\"noopener\">\u2013 Traumatisme<\/a><\/p>\n<p><a href=\"https:\/\/innomed.net\/spine.htm\" target=\"_blank\" rel=\"noopener\">\u2013 Colonne vert\u00e9brale<\/a><\/p>\n<p><a href=\"https:\/\/innomed.net\/general_orthopedic.htm\" target=\"_blank\" rel=\"noopener\">\u2013 Orthop\u00e9die g\u00e9n\u00e9rale<\/a><\/p>\n<p>&nbsp;<\/p>\n<p>&gt; Si vous avez d&#8217;autres questions sur les produits, nous serons heureux de vous aider, t\u00e9l\u00e9phone 041 740 67 74<\/p>\n","protected":false},"excerpt":{"rendered":"<p>Cliquez sur les liens ci-dessous pour acc\u00e9der aux derniers produits Innomed. Vous serez redirig\u00e9 directement vers le site du producteur. &nbsp; \u2013 Hanche \u2013 Genou \u2013 Revision \u2013 Epaule &amp; Coude \u2013 Main &amp; Pied \u2013 Traumatisme \u2013 Colonne vert\u00e9brale \u2013 Orthop\u00e9die g\u00e9n\u00e9rale &nbsp; &gt; Si vous avez d&#8217;autres questions sur les produits, nous serons&hellip; <a class=\"more-link\" href=\"https:\/\/www.innomed-europe.com\/fr\/instrumente\/\">Continue reading <span class=\"screen-reader-text\">INSTRUMENTS<\/span><\/a><\/p>\n","protected":false},"author":1,"featured_media":0,"parent":0,"menu_order":0,"comment_status":"closed","ping_status":"closed","template":"inc\/Agb.php","meta":[],"_links":{"self":[{"href":"https:\/\/www.innomed-europe.com\/fr\/wp-json\/wp\/v2\/pages\/623"}],"collection":[{"href":"https:\/\/www.innomed-europe.com\/fr\/wp-json\/wp\/v2\/pages"}],"about":[{"href":"https:\/\/www.innomed-europe.com\/fr\/wp-json\/wp\/v2\/types\/page"}],"author":[{"embeddable":true,"href":"https:\/\/www.innomed-europe.com\/fr\/wp-json\/wp\/v2\/users\/1"}],"replies":[{"embeddable":true,"href":"https:\/\/www.innomed-europe.com\/fr\/wp-json\/wp\/v2\/comments?post=623"}],"version-history":[{"count":9,"href":"https:\/\/www.innomed-europe.com\/fr\/wp-json\/wp\/v2\/pages\/623\/revisions"}],"predecessor-version":[{"id":1239,"href":"https:\/\/www.innomed-europe.com\/fr\/wp-json\/wp\/v2\/pages\/623\/revisions\/1239"}],"wp:attachment":[{"href":"https:\/\/www.innomed-europe.com\/fr\/wp-json\/wp\/v2\/media?parent=623"}],"curies":[{"name":"wp","href":"https:\/\/api.w.org\/{rel}","templated":true}]}}