{"id":557,"date":"2023-05-10T10:34:27","date_gmt":"2023-05-10T10:34:27","guid":{"rendered":"https:\/\/www.innomed-europe.com\/fr\/agb\/"},"modified":"2024-06-27T06:26:06","modified_gmt":"2024-06-27T06:26:06","slug":"agb","status":"publish","type":"page","link":"https:\/\/www.innomed-europe.com\/fr\/agb\/","title":{"rendered":"AGB"},"content":{"rendered":"<p>Nos conditions g\u00e9n\u00e9rales sont disponibles pour vous ici. Lisez ceci attentivement et si vous avez des questions, contactez-nous. Lorsque vous cliquez sur le bouton, le t\u00e9l\u00e9chargement d\u00e9marre. Merci pour votre attention.<\/p>\n<p><a href=\"https:\/\/www.innomed-europe.com\/wp-content\/uploads\/2023\/07\/AGB-2021-DE.pdf\" target=\"_blank\" rel=\"noopener\"><img decoding=\"async\" loading=\"lazy\" class=\"alignnone wp-image-463\" src=\"https:\/\/www.innomed-europe.com\/wp-content\/uploads\/2023\/06\/pdf_green-300x293.gif\" alt=\"\" width=\"149\" height=\"145\" srcset=\"https:\/\/www.innomed-europe.com\/wp-content\/uploads\/2023\/06\/pdf_green-300x293.gif 300w, https:\/\/www.innomed-europe.com\/wp-content\/uploads\/2023\/06\/pdf_green-1024x999.gif 1024w, https:\/\/www.innomed-europe.com\/wp-content\/uploads\/2023\/06\/pdf_green-768x749.gif 768w, https:\/\/www.innomed-europe.com\/wp-content\/uploads\/2023\/06\/pdf_green-16x16.gif 16w\" sizes=\"(max-width: 149px) 100vw, 149px\" \/><\/a><\/p>\n","protected":false},"excerpt":{"rendered":"<p>Nos conditions g\u00e9n\u00e9rales sont disponibles pour vous ici. Lisez ceci attentivement et si vous avez des questions, contactez-nous. Lorsque vous cliquez sur le bouton, le t\u00e9l\u00e9chargement d\u00e9marre. Merci pour votre attention.<\/p>\n","protected":false},"author":1,"featured_media":0,"parent":0,"menu_order":0,"comment_status":"closed","ping_status":"closed","template":"inc\/Agb.php","meta":[],"_links":{"self":[{"href":"https:\/\/www.innomed-europe.com\/fr\/wp-json\/wp\/v2\/pages\/557"}],"collection":[{"href":"https:\/\/www.innomed-europe.com\/fr\/wp-json\/wp\/v2\/pages"}],"about":[{"href":"https:\/\/www.innomed-europe.com\/fr\/wp-json\/wp\/v2\/types\/page"}],"author":[{"embeddable":true,"href":"https:\/\/www.innomed-europe.com\/fr\/wp-json\/wp\/v2\/users\/1"}],"replies":[{"embeddable":true,"href":"https:\/\/www.innomed-europe.com\/fr\/wp-json\/wp\/v2\/comments?post=557"}],"version-history":[{"count":2,"href":"https:\/\/www.innomed-europe.com\/fr\/wp-json\/wp\/v2\/pages\/557\/revisions"}],"predecessor-version":[{"id":915,"href":"https:\/\/www.innomed-europe.com\/fr\/wp-json\/wp\/v2\/pages\/557\/revisions\/915"}],"wp:attachment":[{"href":"https:\/\/www.innomed-europe.com\/fr\/wp-json\/wp\/v2\/media?parent=557"}],"curies":[{"name":"wp","href":"https:\/\/api.w.org\/{rel}","templated":true}]}}