{"id":1439,"date":"2025-04-09T12:35:40","date_gmt":"2025-04-09T12:35:40","guid":{"rendered":"https:\/\/www.innomed-europe.com\/fr\/?page_id=1439"},"modified":"2025-04-09T12:36:21","modified_gmt":"2025-04-09T12:36:21","slug":"sterilisation","status":"publish","type":"page","link":"https:\/\/www.innomed-europe.com\/fr\/sterilisation\/","title":{"rendered":"STERILISATION"},"content":{"rendered":"<h3><strong>Retraitement des instruments r\u00e9utilisables<\/strong><\/h3>\n<p>Ces instructions s&#8217;appliquent \u00e0 tous les instruments r\u00e9utilisables d&#8217;Innomed-Europe GmbH. Les instructions visent \u00e0 garantir le retraitement correct des instruments r\u00e9utilisables conform\u00e9ment aux normes internationales (DIN EN ISO 17664-1 1)).<\/p>\n<p><a href=\"https:\/\/www.innomed-europe.com\/wp-content\/uploads\/2025\/04\/Instructions-pour-le-nettoyage-et-la-sterilisation-des-instruments-Innomed-v2025_FR.pdf\" target=\"_blank\" rel=\"noopener\"><img decoding=\"async\" loading=\"lazy\" class=\"alignnone wp-image-463\" src=\"https:\/\/www.innomed-europe.com\/wp-content\/uploads\/2023\/06\/pdf_green-300x293.gif\" alt=\"\" width=\"139\" height=\"136\" srcset=\"https:\/\/www.innomed-europe.com\/wp-content\/uploads\/2023\/06\/pdf_green-300x293.gif 300w, https:\/\/www.innomed-europe.com\/wp-content\/uploads\/2023\/06\/pdf_green-1024x999.gif 1024w, https:\/\/www.innomed-europe.com\/wp-content\/uploads\/2023\/06\/pdf_green-768x749.gif 768w, https:\/\/www.innomed-europe.com\/wp-content\/uploads\/2023\/06\/pdf_green-16x16.gif 16w\" sizes=\"(max-width: 139px) 100vw, 139px\" \/><\/a>&lt;&lt; PDF Download<\/p>\n","protected":false},"excerpt":{"rendered":"<p>Retraitement des instruments r\u00e9utilisables Ces instructions s&#8217;appliquent \u00e0 tous les instruments r\u00e9utilisables d&#8217;Innomed-Europe GmbH. Les instructions visent \u00e0 garantir le retraitement correct des instruments r\u00e9utilisables conform\u00e9ment aux normes internationales (DIN EN ISO 17664-1 1)). &lt;&lt; PDF Download<\/p>\n","protected":false},"author":1,"featured_media":0,"parent":0,"menu_order":0,"comment_status":"closed","ping_status":"closed","template":"inc\/Agb.php","meta":[],"_links":{"self":[{"href":"https:\/\/www.innomed-europe.com\/fr\/wp-json\/wp\/v2\/pages\/1439"}],"collection":[{"href":"https:\/\/www.innomed-europe.com\/fr\/wp-json\/wp\/v2\/pages"}],"about":[{"href":"https:\/\/www.innomed-europe.com\/fr\/wp-json\/wp\/v2\/types\/page"}],"author":[{"embeddable":true,"href":"https:\/\/www.innomed-europe.com\/fr\/wp-json\/wp\/v2\/users\/1"}],"replies":[{"embeddable":true,"href":"https:\/\/www.innomed-europe.com\/fr\/wp-json\/wp\/v2\/comments?post=1439"}],"version-history":[{"count":2,"href":"https:\/\/www.innomed-europe.com\/fr\/wp-json\/wp\/v2\/pages\/1439\/revisions"}],"predecessor-version":[{"id":1441,"href":"https:\/\/www.innomed-europe.com\/fr\/wp-json\/wp\/v2\/pages\/1439\/revisions\/1441"}],"wp:attachment":[{"href":"https:\/\/www.innomed-europe.com\/fr\/wp-json\/wp\/v2\/media?parent=1439"}],"curies":[{"name":"wp","href":"https:\/\/api.w.org\/{rel}","templated":true}]}}