{"id":1210,"date":"2024-10-26T08:22:39","date_gmt":"2024-10-26T08:22:39","guid":{"rendered":"https:\/\/www.innomed-europe.com\/fr\/?page_id=1210"},"modified":"2024-10-26T08:22:39","modified_gmt":"2024-10-26T08:22:39","slug":"nouveaux-developements","status":"publish","type":"page","link":"https:\/\/www.innomed-europe.com\/fr\/nouveaux-developements\/","title":{"rendered":"NOUVEAUX DEVELOPEMENTS"},"content":{"rendered":"<p>Nous travaillerons en \u00e9troite collaboration avec vous pour d\u00e9velopper un nouvel instrument pour la classe 1\/1r qui est pr\u00e9cis\u00e9ment adapt\u00e9 aux besoins de l\u2019utilisateur et du fournisseur. Nous travaillerons avec vous pour d\u00e9velopper un projet avec toutes les \u00e9tapes associ\u00e9es. Suite \u00e0 notre processus de d\u00e9veloppement certifi\u00e9, nous produisons un prototype, des tests \u00e0 la sortie. Nous cr\u00e9ons les documents et dessins n\u00e9cessaires et nous chargeons de l\u2019\u00e9valuation de la conformit\u00e9, qui conduit \u00e0 la certification CE. En fin de compte, il faut cr\u00e9er un produit pr\u00eat pour la production en s\u00e9rie et s\u2019imposer sur le march\u00e9.<\/p>\n","protected":false},"excerpt":{"rendered":"<p>Nous travaillerons en \u00e9troite collaboration avec vous pour d\u00e9velopper un nouvel instrument pour la classe 1\/1r qui est pr\u00e9cis\u00e9ment adapt\u00e9 aux besoins de l\u2019utilisateur et du fournisseur. Nous travaillerons avec vous pour d\u00e9velopper un projet avec toutes les \u00e9tapes associ\u00e9es. Suite \u00e0 notre processus de d\u00e9veloppement certifi\u00e9, nous produisons un prototype, des tests \u00e0 la&hellip; <a class=\"more-link\" href=\"https:\/\/www.innomed-europe.com\/fr\/nouveaux-developements\/\">Continue reading <span class=\"screen-reader-text\">NOUVEAUX DEVELOPEMENTS<\/span><\/a><\/p>\n","protected":false},"author":1,"featured_media":0,"parent":0,"menu_order":0,"comment_status":"closed","ping_status":"closed","template":"inc\/Agb.php","meta":[],"_links":{"self":[{"href":"https:\/\/www.innomed-europe.com\/fr\/wp-json\/wp\/v2\/pages\/1210"}],"collection":[{"href":"https:\/\/www.innomed-europe.com\/fr\/wp-json\/wp\/v2\/pages"}],"about":[{"href":"https:\/\/www.innomed-europe.com\/fr\/wp-json\/wp\/v2\/types\/page"}],"author":[{"embeddable":true,"href":"https:\/\/www.innomed-europe.com\/fr\/wp-json\/wp\/v2\/users\/1"}],"replies":[{"embeddable":true,"href":"https:\/\/www.innomed-europe.com\/fr\/wp-json\/wp\/v2\/comments?post=1210"}],"version-history":[{"count":1,"href":"https:\/\/www.innomed-europe.com\/fr\/wp-json\/wp\/v2\/pages\/1210\/revisions"}],"predecessor-version":[{"id":1211,"href":"https:\/\/www.innomed-europe.com\/fr\/wp-json\/wp\/v2\/pages\/1210\/revisions\/1211"}],"wp:attachment":[{"href":"https:\/\/www.innomed-europe.com\/fr\/wp-json\/wp\/v2\/media?parent=1210"}],"curies":[{"name":"wp","href":"https:\/\/api.w.org\/{rel}","templated":true}]}}