{"id":1208,"date":"2024-10-26T08:21:33","date_gmt":"2024-10-26T08:21:33","guid":{"rendered":"https:\/\/www.innomed-europe.com\/fr\/?page_id=1208"},"modified":"2025-09-27T17:34:23","modified_gmt":"2025-09-27T17:34:23","slug":"reparations","status":"publish","type":"page","link":"https:\/\/www.innomed-europe.com\/fr\/reparations\/","title":{"rendered":"REPARATIONS"},"content":{"rendered":"<p>Merci de nous l&#8217;envoyer avec votre colis comme suit:<\/p>\n<p>&nbsp;<\/p>\n<p>\u2022 Emballez la r\u00e9paration proprement et de mani\u00e8re stable<br \/>\n\u2022 Veuillez marquer clairement le colis de l&#8217;ext\u00e9rieur comme une r\u00e9paration\/ou Marquer la plainte<br \/>\n\u2022 <a href=\"https:\/\/drive.google.com\/file\/d\/1rYFJ-VKZj8pfB4NHffXI3l59Teem7RsG\/view?usp=sharing\" target=\"_blank\" rel=\"noopener\"><strong>La preuve de d\u00e9contamination<\/strong><\/a> doit \u00eatre jointe \u00e0 l&#8217;ext\u00e9rieur du colis avec le bon de livraison<br \/>\n\u2022 Une preuve de d\u00e9contamination doit \u00e9galement \u00eatre incluse en cas de r\u00e9clamation<br \/>\n\u2022 Adressez le colis comme suit:<\/p>\n<p>&nbsp;<\/p>\n<p>Reparations\/Retour pour CH:<br \/>\nInnomed-Europe LLC<br \/>\nAlte Steinhauserstrasse 19<br \/>\nCH-6330 Cham<\/p>\n<p>&nbsp;<\/p>\n<p>Reparations\/Retour pour EU:<br \/>\nInnomed-Europe GmbH<br \/>\nRammelswiesen 9<br \/>\n78056 VS-Schwenningen<br \/>\nGermany<\/p>\n<p>&nbsp;<\/p>\n<p><a href=\"mailto:info@innomed-europe.com\">E-Mail: <\/a><a href=\"mailto:info@innomed-europe.com\">info@innomed-europe.com<\/a><\/p>\n<p>&nbsp;<\/p>\n<p>Les colis sans <a href=\"https:\/\/www.innomed-europe.com\/wp-content\/uploads\/2024\/10\/Dekontaminationsnachweis.pdf\" target=\"_blank\" rel=\"noopener\">certificat de d\u00e9contamination<\/a> d\u00fbment compl\u00e9t\u00e9 et sign\u00e9 ne seront pas accept\u00e9s et seront retourn\u00e9s en port d\u00fb.<\/p>\n<p>&nbsp;<\/p>\n<p>Pour de plus amples renseignements, veuillez contacter: <a href=\"mailto:orders@innomed-europe.com\">orders@innomed-europe.com<\/a><\/p>\n","protected":false},"excerpt":{"rendered":"<p>Merci de nous l&#8217;envoyer avec votre colis comme suit: &nbsp; \u2022 Emballez la r\u00e9paration proprement et de mani\u00e8re stable \u2022 Veuillez marquer clairement le colis de l&#8217;ext\u00e9rieur comme une r\u00e9paration\/ou Marquer la plainte \u2022 La preuve de d\u00e9contamination doit \u00eatre jointe \u00e0 l&#8217;ext\u00e9rieur du colis avec le bon de livraison \u2022 Une preuve de d\u00e9contamination&hellip; <a class=\"more-link\" href=\"https:\/\/www.innomed-europe.com\/fr\/reparations\/\">Continue reading <span class=\"screen-reader-text\">REPARATIONS<\/span><\/a><\/p>\n","protected":false},"author":1,"featured_media":0,"parent":0,"menu_order":0,"comment_status":"closed","ping_status":"closed","template":"inc\/Agb.php","meta":[],"_links":{"self":[{"href":"https:\/\/www.innomed-europe.com\/fr\/wp-json\/wp\/v2\/pages\/1208"}],"collection":[{"href":"https:\/\/www.innomed-europe.com\/fr\/wp-json\/wp\/v2\/pages"}],"about":[{"href":"https:\/\/www.innomed-europe.com\/fr\/wp-json\/wp\/v2\/types\/page"}],"author":[{"embeddable":true,"href":"https:\/\/www.innomed-europe.com\/fr\/wp-json\/wp\/v2\/users\/1"}],"replies":[{"embeddable":true,"href":"https:\/\/www.innomed-europe.com\/fr\/wp-json\/wp\/v2\/comments?post=1208"}],"version-history":[{"count":7,"href":"https:\/\/www.innomed-europe.com\/fr\/wp-json\/wp\/v2\/pages\/1208\/revisions"}],"predecessor-version":[{"id":1454,"href":"https:\/\/www.innomed-europe.com\/fr\/wp-json\/wp\/v2\/pages\/1208\/revisions\/1454"}],"wp:attachment":[{"href":"https:\/\/www.innomed-europe.com\/fr\/wp-json\/wp\/v2\/media?parent=1208"}],"curies":[{"name":"wp","href":"https:\/\/api.w.org\/{rel}","templated":true}]}}