{"id":1204,"date":"2024-10-26T08:19:40","date_gmt":"2024-10-26T08:19:40","guid":{"rendered":"https:\/\/www.innomed-europe.com\/fr\/?page_id=1204"},"modified":"2024-10-26T08:19:40","modified_gmt":"2024-10-26T08:19:40","slug":"garantie","status":"publish","type":"page","link":"https:\/\/www.innomed-europe.com\/fr\/garantie\/","title":{"rendered":"GARANTIE"},"content":{"rendered":"<p>Apr\u00e8s r\u00e9ception de la livraison, l\u2019acheteur est tenu de v\u00e9rifier imm\u00e9diatement l\u2019absence de d\u00e9fauts visibles. Pour les vices cach\u00e9s, le d\u00e9lai de garantie est de 12 mois \u00e0 compter de la date de livraison. Les r\u00e9clamations doivent nous \u00eatre signal\u00e9es par \u00e9crit imm\u00e9diatement apr\u00e8s la d\u00e9couverte des d\u00e9fauts. La r\u00e9clamation de d\u00e9fauts n\u2019autorise pas l\u2019acheteur \u00e0 refuser d\u2019effectuer les paiements dus. Sont exclus de la garantie les dommages r\u00e9sultant d\u2019une mauvaise utilisation, d\u2019une manipulation imprudente et inappropri\u00e9e, du non-respect des recommandations d\u2019utilisation, de l\u2019usure naturelle et du vieillissement du mat\u00e9riel, d\u2019une utilisation excessive, d\u2019une mauvaise utilisation des aides et d\u2019autres dommages caus\u00e9s par INNOMED-Europe LLC, repr\u00e9sentant Cham. raisons.<\/p>\n<p>Nos produits sont con\u00e7us et fabriqu\u00e9s selon l\u2019\u00e9tat \u00e9prouv\u00e9 de la science et de la technologie au moment de la fabrication. Toute autre responsabilit\u00e9, en particulier pour les dommages cons\u00e9cutifs caus\u00e9s par des d\u00e9fauts (par exemple pour les frais de traitements m\u00e9dicaux suppl\u00e9mentaires, d\u2019op\u00e9rations ult\u00e9rieures, de perte de salaire, de demandes d\u2019indemnisation, etc.), est express\u00e9ment exclue.<\/p>\n","protected":false},"excerpt":{"rendered":"<p>Apr\u00e8s r\u00e9ception de la livraison, l\u2019acheteur est tenu de v\u00e9rifier imm\u00e9diatement l\u2019absence de d\u00e9fauts visibles. Pour les vices cach\u00e9s, le d\u00e9lai de garantie est de 12 mois \u00e0 compter de la date de livraison. Les r\u00e9clamations doivent nous \u00eatre signal\u00e9es par \u00e9crit imm\u00e9diatement apr\u00e8s la d\u00e9couverte des d\u00e9fauts. La r\u00e9clamation de d\u00e9fauts n\u2019autorise pas l\u2019acheteur&hellip; <a class=\"more-link\" href=\"https:\/\/www.innomed-europe.com\/fr\/garantie\/\">Continue reading <span class=\"screen-reader-text\">GARANTIE<\/span><\/a><\/p>\n","protected":false},"author":1,"featured_media":0,"parent":0,"menu_order":0,"comment_status":"closed","ping_status":"closed","template":"inc\/Agb.php","meta":[],"_links":{"self":[{"href":"https:\/\/www.innomed-europe.com\/fr\/wp-json\/wp\/v2\/pages\/1204"}],"collection":[{"href":"https:\/\/www.innomed-europe.com\/fr\/wp-json\/wp\/v2\/pages"}],"about":[{"href":"https:\/\/www.innomed-europe.com\/fr\/wp-json\/wp\/v2\/types\/page"}],"author":[{"embeddable":true,"href":"https:\/\/www.innomed-europe.com\/fr\/wp-json\/wp\/v2\/users\/1"}],"replies":[{"embeddable":true,"href":"https:\/\/www.innomed-europe.com\/fr\/wp-json\/wp\/v2\/comments?post=1204"}],"version-history":[{"count":1,"href":"https:\/\/www.innomed-europe.com\/fr\/wp-json\/wp\/v2\/pages\/1204\/revisions"}],"predecessor-version":[{"id":1205,"href":"https:\/\/www.innomed-europe.com\/fr\/wp-json\/wp\/v2\/pages\/1204\/revisions\/1205"}],"wp:attachment":[{"href":"https:\/\/www.innomed-europe.com\/fr\/wp-json\/wp\/v2\/media?parent=1204"}],"curies":[{"name":"wp","href":"https:\/\/api.w.org\/{rel}","templated":true}]}}