{"id":39,"date":"2023-05-10T10:35:05","date_gmt":"2023-05-10T10:35:05","guid":{"rendered":"https:\/\/www.innomed-europe.com\/?page_id=39"},"modified":"2023-05-10T10:35:05","modified_gmt":"2023-05-10T10:35:05","slug":"datenschutz","status":"publish","type":"page","link":"https:\/\/www.innomed-europe.com\/en\/datenschutz\/","title":{"rendered":"DATENSCHUTZ"},"content":{"rendered":"<p>Mit der Datenschutzerkl\u00e4rung m\u00f6chten wir Sie \u00fcber die Verarbeitung Ihrer personenbezogenen<br \/>\nDaten bei Besuch unserer Website informieren.<br \/>\n1. Zust\u00e4ndigkeit und Kontaktdaten des Verantwortlichen f\u00fcr die Datenverarbeitung sowie unseres<br \/>\nDatenschutzbeauftragten<br \/>\nVerantwortlicher: Innomed-Europe LLC, CH-6330 Cham (nachfolgend \u201eInnomed-Europe\u201c);<br \/>\nEmail: info(at)innomed-europe.com Tel. +41 41 740 6774<br \/>\n2. Erhebung und Speicherung personenbezogener Daten sowie Art und Zweck von deren V<br \/>\nerwendung<br \/>\na) Mit dem Besuch unserer Website www.innomed-europe.com, werden erfasst:<br \/>\nIP-Adresse des anfragenden Rechners,<br \/>\nDatum und Uhrzeit des Zugriffs,<br \/>\nBezeichnung und URL der abgerufenen Datei,<br \/>\nWebsite, von der aus der Zugriff erfolgte (Referrer-URL),<br \/>\nverwendeter Browser<br \/>\nDie genannten Daten werden durch uns zu folgenden Zwecken verarbeitet:<br \/>\nGew\u00e4hrleistung des reibungslosen Verbindungsaufbaus der Website,<br \/>\nGew\u00e4hrleistung der komfortablen Nutzung unserer Website,<br \/>\nAuswertung zur Sicherheit und -stabilit\u00e4t unserer Website sowie<br \/>\nAuswertung zu Administration unserer Website<\/p>\n","protected":false},"excerpt":{"rendered":"<p>Mit der Datenschutzerkl\u00e4rung m\u00f6chten wir Sie \u00fcber die Verarbeitung Ihrer personenbezogenen Daten bei Besuch unserer Website informieren. 1. Zust\u00e4ndigkeit und Kontaktdaten des Verantwortlichen f\u00fcr die Datenverarbeitung sowie unseres Datenschutzbeauftragten Verantwortlicher: Innomed-Europe LLC, CH-6330 Cham (nachfolgend \u201eInnomed-Europe\u201c); Email: info(at)innomed-europe.com Tel. +41 41 740 6774 2. Erhebung und Speicherung personenbezogener Daten sowie Art und Zweck von deren&hellip; <a class=\"more-link\" href=\"https:\/\/www.innomed-europe.com\/en\/datenschutz\/\">Continue reading <span class=\"screen-reader-text\">DATENSCHUTZ<\/span><\/a><\/p>\n","protected":false},"author":1,"featured_media":0,"parent":0,"menu_order":0,"comment_status":"closed","ping_status":"closed","template":"inc\/datenschutz.php","meta":[],"_links":{"self":[{"href":"https:\/\/www.innomed-europe.com\/en\/wp-json\/wp\/v2\/pages\/39"}],"collection":[{"href":"https:\/\/www.innomed-europe.com\/en\/wp-json\/wp\/v2\/pages"}],"about":[{"href":"https:\/\/www.innomed-europe.com\/en\/wp-json\/wp\/v2\/types\/page"}],"author":[{"embeddable":true,"href":"https:\/\/www.innomed-europe.com\/en\/wp-json\/wp\/v2\/users\/1"}],"replies":[{"embeddable":true,"href":"https:\/\/www.innomed-europe.com\/en\/wp-json\/wp\/v2\/comments?post=39"}],"version-history":[{"count":1,"href":"https:\/\/www.innomed-europe.com\/en\/wp-json\/wp\/v2\/pages\/39\/revisions"}],"predecessor-version":[{"id":40,"href":"https:\/\/www.innomed-europe.com\/en\/wp-json\/wp\/v2\/pages\/39\/revisions\/40"}],"wp:attachment":[{"href":"https:\/\/www.innomed-europe.com\/en\/wp-json\/wp\/v2\/media?parent=39"}],"curies":[{"name":"wp","href":"https:\/\/api.w.org\/{rel}","templated":true}]}}